{"id":911,"date":"2019-02-07T21:20:32","date_gmt":"2019-02-07T20:20:32","guid":{"rendered":"http:\/\/ciepiecesetmaindoeuvre.com\/?page_id=911"},"modified":"2025-12-25T08:19:28","modified_gmt":"2025-12-25T07:19:28","slug":"infos-pratiques","status":"publish","type":"page","link":"https:\/\/ciepiecesetmaindoeuvre.com\/index.php\/infos-pratiques\/","title":{"rendered":"INFOS PRATIQUES Festival"},"content":{"rendered":"\t\t<div data-elementor-type=\"post\" data-elementor-id=\"911\" class=\"elementor elementor-911\" data-elementor-settings=\"[]\">\n\t\t\t<div class=\"elementor-inner\">\n\t\t\t\t<div class=\"elementor-section-wrap\">\n\t\t\t\t\t\t\t<section class=\"elementor-element elementor-element-7f6f026 elementor-section-boxed elementor-section-height-default elementor-section-height-default elementor-section elementor-top-section\" data-id=\"7f6f026\" data-element_type=\"section\">\n\t\t\t\t\t\t<div class=\"elementor-container elementor-column-gap-default\">\n\t\t\t\t<div class=\"elementor-row\">\n\t\t\t\t<div class=\"elementor-element elementor-element-80126b5 elementor-column elementor-col-100 elementor-top-column\" data-id=\"80126b5\" data-element_type=\"column\">\n\t\t\t<div class=\"elementor-column-wrap  elementor-element-populated\">\n\t\t\t\t\t<div class=\"elementor-widget-wrap\">\n\t\t\t\t<div class=\"elementor-element elementor-element-51d2075 elementor-widget elementor-widget-image\" data-id=\"51d2075\" data-element_type=\"widget\" data-widget_type=\"image.default\">\n\t\t\t\t<div class=\"elementor-widget-container\">\n\t\t\t\t\t<div class=\"elementor-image\">\n\t\t\t\t\t\t\t\t\t\t<img width=\"1024\" height=\"455\" src=\"https:\/\/ciepiecesetmaindoeuvre.com\/wp-content\/uploads\/2018\/11\/LE-LOGO-DU-FESTIVAL-RVB-1024x455.jpg\" class=\"attachment-large size-large\" alt=\"\" loading=\"lazy\" srcset=\"https:\/\/ciepiecesetmaindoeuvre.com\/wp-content\/uploads\/2018\/11\/LE-LOGO-DU-FESTIVAL-RVB-1024x455.jpg 1024w, https:\/\/ciepiecesetmaindoeuvre.com\/wp-content\/uploads\/2018\/11\/LE-LOGO-DU-FESTIVAL-RVB-300x133.jpg 300w, https:\/\/ciepiecesetmaindoeuvre.com\/wp-content\/uploads\/2018\/11\/LE-LOGO-DU-FESTIVAL-RVB-768x342.jpg 768w, https:\/\/ciepiecesetmaindoeuvre.com\/wp-content\/uploads\/2018\/11\/LE-LOGO-DU-FESTIVAL-RVB.jpg 1772w\" sizes=\"(max-width: 1024px) 100vw, 1024px\" \/>\t\t\t\t\t\t\t\t\t\t\t<\/div>\n\t\t\t\t<\/div>\n\t\t\t\t<\/div>\n\t\t\t\t\t\t<\/div>\n\t\t\t<\/div>\n\t\t<\/div>\n\t\t\t\t\t\t<\/div>\n\t\t\t<\/div>\n\t\t<\/section>\n\t\t\t\t<section class=\"elementor-element elementor-element-3e53660 elementor-section-boxed elementor-section-height-default elementor-section-height-default elementor-section elementor-top-section\" data-id=\"3e53660\" data-element_type=\"section\">\n\t\t\t\t\t\t<div class=\"elementor-container elementor-column-gap-default\">\n\t\t\t\t<div class=\"elementor-row\">\n\t\t\t\t<div class=\"elementor-element elementor-element-e0ca7d0 elementor-column elementor-col-100 elementor-top-column\" data-id=\"e0ca7d0\" data-element_type=\"column\">\n\t\t\t<div class=\"elementor-column-wrap  elementor-element-populated\">\n\t\t\t\t\t<div class=\"elementor-widget-wrap\">\n\t\t\t\t<div class=\"elementor-element elementor-element-363ffce elementor-widget elementor-widget-text-editor\" data-id=\"363ffce\" data-element_type=\"widget\" data-widget_type=\"text-editor.default\">\n\t\t\t\t<div class=\"elementor-widget-container\">\n\t\t\t\t\t<div class=\"elementor-text-editor elementor-clearfix\"><\/div>\n\t\t\t\t<\/div>\n\t\t\t\t<\/div>\n\t\t\t\t<div class=\"elementor-element elementor-element-a6d8ac8 elementor-widget elementor-widget-text-editor\" data-id=\"a6d8ac8\" data-element_type=\"widget\" data-widget_type=\"text-editor.default\">\n\t\t\t\t<div class=\"elementor-widget-container\">\n\t\t\t\t\t<div class=\"elementor-text-editor elementor-clearfix\"><h2 style=\"text-align: center;\"><span style=\"color: #000000;\">\u00a0PROGRAMME 2026 au <span style=\"color: #ff0000;\">PALACE de Louhans<\/span><\/span><\/h2><h4><span style=\"color: #000000;\"><strong>\u00a0<\/strong><\/span><\/h4><h3><span style=\"color: #000000;\"><strong>\u2013\u00a0Mercredi 01 avril : \u00a0NOMIS &#8211; <\/strong>Magie int\u00e9ractive et g\u00e9niale\u00a0!\u00a0<strong>\u2013<\/strong>\u00a0<strong>15h00<\/strong><\/span><\/h3><p><span style=\"color: #000000;\">Spectacle tout public et familial. Vous allez \u00eatre scotch\u00e9s !<\/span><\/p><p><span style=\"color: #000000;\">Venez\u00a0<strong>d\u00e9couvrir le meilleur de la magie avec beaucoup d&rsquo;humour et de rythme<\/strong>. Une\u00a0<strong>magie forte, professionnelle<\/strong>\u00a0avec beaucoup d&rsquo;<strong>interactivit\u00e9s<\/strong>\u00a0et de\u00a0<strong>participation<\/strong>. Au-del\u00e0 de l&rsquo;exp\u00e9rience magique, chaque num\u00e9ro est travaill\u00e9 avec\u00a0<strong>un texte et un humour bien pr\u00e9sent et \u00e9tudi\u00e9<\/strong>. Stand-up, magie, mentalisme m\u00e9lang\u00e9s ensemble pour\u00a0<strong>proposer\u00a0des souvenirs pr\u00e9cieux\u00a0<\/strong>!<\/span><\/p><h2 style=\"text-align: center;\"><span style=\"color: #ff6600;\"><strong>+ 3 SPECTACLES inclus dans le PASS<\/strong><\/span><\/h2><h3 style=\"text-align: center;\"><span style=\"color: #000000;\"><strong>Jeudi 02\u00a0avril :\u00a0STEN ET CHARDON<\/strong>\u00a0<em>(Dr\u00f4le\u00a0d&rsquo;enqu\u00eateurs)\u00a0<\/em>\u2013\u00a0<strong>20h30<\/strong><\/span><\/h3><p><span style=\"color: #000000;\"><strong>Sten et Chardon, les enqu\u00eateurs de la Sacem\u00a0: la com\u00e9die polici\u00e8re \u00e0 ne pas rater !<\/strong><\/span><\/p><div><p><span style=\"color: #000000;\">Sten et Chardon plongent le public dans une enqu\u00eate musicale pleine d\u2019humour. Le duo de la Sacem revisite la vari\u00e9t\u00e9 fran\u00e7aise, entre r\u00e9v\u00e9lations inattendues et hommage fac\u00e9tieux \u00e0 nos artistes pr\u00e9f\u00e9r\u00e9s.<\/span><\/p><\/div><div><div><div><h4><span style=\"color: #000000;\">HUMOUR ET SCIENCE AU SERVICE DE LA VARI\u00c9T\u00c9&#8230;<\/span><\/h4><p><span style=\"color: #000000;\"><strong>Sten et Chardon<\/strong>, enqu\u00eateurs d\u2019\u00e9lite de la Sacem,\u00a0<strong>revisitent les ic\u00f4nes de la chanson<\/strong>\u00a0: Dick Rivers, Brassens, Ferrat, Carlos, Goldman ou encore Bruel. Leur m\u00e9thode alterne d\u00e9monstration th\u00e9orique et s\u00e9quences musicales.<\/span>\u00a0<\/p><p><strong><span style=\"color: #ff00ff;\"><em>C&rsquo;est con,\u00a0on adore\u00a0!<\/em><\/span><\/strong><\/p><\/div><\/div><\/div><h3 style=\"text-align: center;\"><span style=\"color: #000000;\"><strong>Vendredi 03\u00a0avril\u00a0:<\/strong>\u00a0<strong>Madame FRAIZE <\/strong>(<em>Un sacr\u00e9(e) personnage)\u00a0<\/em><strong>20h30<\/strong><\/span><\/h3><p><span style=\"color: #000000;\">Madame Fraize s\u2019av\u00e8re \u00eatre la face cach\u00e9e de Monsieur Fraize (d\u00e9j\u00e0 programm\u00e9 sur notre Festival et vu dans plusieurs films), que le com\u00e9dien a interpr\u00e9t\u00e9 pendant 20 ans.<\/span><\/p><p><span style=\"color: #000000;\">Madame Fraize, cet \u00eatre atypique enchante par sa gestuelle hypnotique, sensuelle et ambigu\u00eb. Libre et coquine, Madame Fraize cr\u00e9e une bulle po\u00e9tique pleine de douceur, o\u00f9 la joie, l\u2019espoir et surtout la bonne humeur sont un rem\u00e8de \u00e0 la m\u00e9lancolie. Entre non-sens et esprit d\u2019\u00e0-propos, <strong>un seul en sc\u00e8ne exceptionnel, humoristique et d\u00e9licat !\u00a0<\/strong><\/span><\/p><p><span style=\"color: #ff00ff;\"><em><strong>A NE SURTOUT PAS MANQUER !\u00a0<\/strong><\/em><\/span><\/p><h3 style=\"text-align: center;\"><span style=\"color: #000000;\"><strong>Samedi 04\u00a0avril\u00a0<\/strong>:\u00a0<strong>WILL ET WALT<\/strong>\u00a0<em>(Magie\/ Mentalisme)\u00a0<\/em>\u2013\u00a0<strong>20h30<\/strong><\/span><\/h3><p><span style=\"color: #000000;\">Deux frangins venus du fin fond des Carpates manient mentalisme et humour dans <strong>un spectacle irr\u00e9sistible, et interactif<\/strong>. \u00c0 nous faire perdre la t\u00eate ?<\/span><br \/><span style=\"color: #000000;\">Le mentalisme a trouv\u00e9 en Will &amp; Walt un duo burlesque et atypique s\u2019il en est. Des serviteurs de g\u00e9nie !\u00a0<\/span><\/p><p><span style=\"color: #000000;\">Illusions paranormales, divination t\u00e9l\u00e9pathique et th\u00e9orie des coincidences agitent les neurones\u00a0dans une d\u00e9monstration un brin fantasque.<\/span><\/p><p><span style=\"color: #000000;\">Oubliez Las Vegas, Will et Walt n\u2019ont pas besoin de strass ni de paillettes pour nous remuer la cervelle ! A nous rendre fous !<\/span><strong><span style=\"color: #ff00ff;\">\u00a0<\/span><\/strong><\/p><p><strong><span style=\"color: #ff00ff;\"><em>Comment ils font\u00a0tout \u00e7a ? Y&rsquo;a un truc ?<\/em><\/span><\/strong><\/p><h2 style=\"text-align: center;\"><strong style=\"color: #000000; font-size: 16px;\">\u00a0 \u00a0 \u00a0 \u00a0 \u00a0 \u00a0 \u00a0 \u00a0 \u00a0 \u00a0 \u00a0 \u00a0 \u00a0 \u00a0 \u00a0 \u00a0 \u00a0 \u00a0 \u00a0 \u00a0 \u00a0 \u00a0 \u00a0 \u00a0 \u00a0 \u00a0 \u00a0 \u00a0 \u00a0 + Jeudi 26\u00a0<\/strong><strong style=\"color: #000000; font-size: 16px;\">\u00a0MARS : Programmation scolaire &#8211; La Toute petite Cie\u00a0&#8211; L&rsquo;IDOLE DES HOULES \u00a0 \u00a0 \u00a0 \u00a0 \u00a0 \u00a0 \u00a0 \u00a0 \u00a0 \u00a0 \u00a0 \u00a0 \u00a0 \u00a0 \u00a0 \u00a0 \u00a0 \u00a0 \u00a0 \u00a0 \u00a0 \u00a0 \u00a0 \u00a0 \u00a0 \u00a0 \u00a0 \u00a0 \u00a0 \u00a0 \u00a0 \u00a0 \u00a0 \u00a0 \u00a0 \u00a0 \u00a0 \u00a0 \u00a0 \u00a0 \u00a0 \u00a0 \u00a0 \u00a0 \u00a0 \u00a0 \u00a0 \u00a0 \u00a0 \u00a0 \u00a0 \u00a0 \u00a0\u00a0<\/strong><strong style=\"font-family: inherit; color: #000000; font-size: 16px;\">BRANGES &#8211; Salle du MARAIS- 10h15 et 14h30<\/strong><\/h2><p style=\"text-align: center;\"><span style=\"color: #000000;\"><strong>Possibilit\u00e9 de r\u00e9server des places au 06 13 40 10 37 pour ce spectacle<\/strong><\/span><\/p><p><span style=\"color: #000000;\"><strong>\u00a0<\/strong><\/span><\/p><h1><span style=\"color: #000000;\">NOUS CONTACTER<\/span><\/h1><p><span style=\"color: #333333;\">Par t\u00e9l\u00e9phone au 06 13 40 10 37 \u00a0\/\u00a0<\/span><span style=\"color: #333333;\">Mail : piecesetmaindoeuvre@free.fr<\/span><\/p><h3><strong><span style=\"color: #333333;\">Pour<\/span><span style=\"color: #333333;\"> acheter vos places, cliquez sur<\/span>\u00a0\u00a0<\/strong><a style=\"font-size: 16px;\" href=\"https:\/\/www.billetweb.fr\/festival-le-mois-therapeutique-exposition-vivante-dartistes8\" target=\"_blank\" rel=\"noopener\">RESERVATIONS<\/a><\/h3><p><span style=\"color: #800080;\"><strong><em>VENTE DE BILLETS EGALEMENT SUR PLACE LES SOIRS DE SPECTACLE<\/em><\/strong><\/span><\/p><h1><span style=\"color: #000000;\">TARIFS DES SOIR\u00c9ES &amp; RESERVATIONS<\/span><\/h1><p><span style=\"color: #333333;\"><strong>PASS 3 soir\u00e9es (02\/03\/04 avril 2026) \u00a0<\/strong><strong>Plein Tarif\u00a0<\/strong><strong>: 30\u20ac \u00a0&#8211; \u00a0Tarif r\u00e9duit : 20\u20ac<\/strong><\/span><\/p><p><span style=\"color: #333333;\"><strong>Place Plein Tarif : 12\u20ac \u00a0 \u00a0&#8211; \u00a0 Tarif r\u00e9duit : 8\u20ac<\/strong><\/span><\/p><p><span style=\"color: #333333;\"><strong>Spectacle du 1er avril : 6\u20ac<\/strong><\/span><\/p><p><span style=\"color: #333333;\">Vous pouvez acheter vos places directement sur ce site en toute s\u00e9curit\u00e9.\u00a0<\/span><\/p><p><span style=\"color: #333333;\">Le paiement par carte bancaire est s\u00e9curis\u00e9 et\u00a0les places\u00a0vous sont\u00a0envoy\u00e9es instantan\u00e9ment par\u00a0mail. Vous n&rsquo;avez plus qu&rsquo;\u00e0 les imprimer.<\/span><\/p><p><span style=\"color: #333333;\">Des frais de r\u00e9servation de quelques centimes s&rsquo;appliquent pour\u00a0chaque place ou pass achet\u00e9.<\/span><\/p><p><span style=\"color: #333333;\">Pour tout assistance, n&rsquo;h\u00e9sitez pas \u00e0 nous contacter par mail : piecesetmaindoeuvre@free.fr<\/span><\/p><p><span style=\"color: #333333;\"><strong>Les places sont nominatives, non \u00e9changeables et non remboursables. <\/strong><\/span><\/p><p><span style=\"color: #333333;\"><strong>En cas de r\u00e9duction, un justificatif vous sera demand\u00e9 \u00e0 l\u2019entr\u00e9e du festival.<\/strong><\/span><\/p><h1><span style=\"color: #000000;\">SUR PLACE<\/span><\/h1><p><span style=\"color: #333333;\">Petite restauration et buvette sur place. Ouverture des portes d\u00e8s 19h00 chaque soir. Vente de billets sur place.<\/span><\/p><p><span style=\"color: #333333;\">Parking.<\/span><\/p><h1><span style=\"color: #000000;\">DATES ET HORAIRES DES SOIR\u00c9ES<\/span><\/h1><p><span style=\"color: #333333;\"><b>Jeudi 02 avril \u00a0\/ \u00a0<\/b><b>Vendredi 03 avril \u00a0\/ \u00a0<\/b><b>Samedi 04 avril : 20h30.\u00a0<\/b><\/span><span style=\"color: #333333;\">Ouverture des portes \u00e0 19h00.\u00a0<\/span><\/p><p><span style=\"color: #333333;\"><b>Mercred<\/b><b>i 1er avril : 15h00.\u00a0<\/b><\/span><span style=\"color: #333333;\">Ouverture des portes \u00e0 14h00.<\/span><\/p><p><span style=\"color: #333333;\">S\u00e9ances scolaires<\/span><span style=\"color: #333333;\">\u00a0\u00e0 BRANGES : <\/span><strong style=\"color: #333333;\">10h15 &amp; 14h30<\/strong><\/p><\/div>\n\t\t\t\t<\/div>\n\t\t\t\t<\/div>\n\t\t\t\t\t\t<\/div>\n\t\t\t<\/div>\n\t\t<\/div>\n\t\t\t\t\t\t<\/div>\n\t\t\t<\/div>\n\t\t<\/section>\n\t\t\t\t<section class=\"elementor-element elementor-element-7be507f elementor-section-boxed elementor-section-height-default elementor-section-height-default elementor-section elementor-top-section\" data-id=\"7be507f\" data-element_type=\"section\">\n\t\t\t\t\t\t<div class=\"elementor-container elementor-column-gap-default\">\n\t\t\t\t<div class=\"elementor-row\">\n\t\t\t\t<div class=\"elementor-element elementor-element-427f36c elementor-column elementor-col-100 elementor-top-column\" data-id=\"427f36c\" data-element_type=\"column\">\n\t\t\t<div class=\"elementor-column-wrap  elementor-element-populated\">\n\t\t\t\t\t<div class=\"elementor-widget-wrap\">\n\t\t\t\t<div class=\"elementor-element elementor-element-c1d5ccd elementor-widget elementor-widget-google_maps\" data-id=\"c1d5ccd\" data-element_type=\"widget\" data-widget_type=\"google_maps.default\">\n\t\t\t\t<div class=\"elementor-widget-container\">\n\t\t\t<div class=\"elementor-custom-embed\"><iframe frameborder=\"0\" scrolling=\"no\" marginheight=\"0\" marginwidth=\"0\" src=\"https:\/\/maps.google.com\/maps?q=Palace%2071500%20Louhans&amp;t=m&amp;z=16&amp;output=embed&amp;iwloc=near\" aria-label=\"Palace 71500 Louhans\"><\/iframe><\/div>\t\t<\/div>\n\t\t\t\t<\/div>\n\t\t\t\t\t\t<\/div>\n\t\t\t<\/div>\n\t\t<\/div>\n\t\t\t\t\t\t<\/div>\n\t\t\t<\/div>\n\t\t<\/section>\n\t\t\t\t\t\t<\/div>\n\t\t\t<\/div>\n\t\t<\/div>\n\t\t","protected":false},"excerpt":{"rendered":"<p>\u00a0PROGRAMME 2026 au PALACE de Louhans \u00a0 \u2013\u00a0Mercredi 01 avril : \u00a0NOMIS &#8211; Magie int\u00e9ractive et g\u00e9niale\u00a0!\u00a0\u2013\u00a015h00 Spectacle tout public et familial. Vous allez \u00eatre scotch\u00e9s ! Venez\u00a0d\u00e9couvrir le meilleur de la magie avec beaucoup d&rsquo;humour et de rythme. Une\u00a0magie forte, professionnelle\u00a0avec beaucoup d&rsquo;interactivit\u00e9s\u00a0et de\u00a0participation. Au-del\u00e0 de l&rsquo;exp\u00e9rience magique, chaque num\u00e9ro est travaill\u00e9 avec\u00a0un texte [&hellip;]<\/p>\n","protected":false},"author":1,"featured_media":0,"parent":0,"menu_order":0,"comment_status":"closed","ping_status":"closed","template":"template-parts\/template-homepage.php","meta":[],"_links":{"self":[{"href":"https:\/\/ciepiecesetmaindoeuvre.com\/index.php\/wp-json\/wp\/v2\/pages\/911"}],"collection":[{"href":"https:\/\/ciepiecesetmaindoeuvre.com\/index.php\/wp-json\/wp\/v2\/pages"}],"about":[{"href":"https:\/\/ciepiecesetmaindoeuvre.com\/index.php\/wp-json\/wp\/v2\/types\/page"}],"author":[{"embeddable":true,"href":"https:\/\/ciepiecesetmaindoeuvre.com\/index.php\/wp-json\/wp\/v2\/users\/1"}],"replies":[{"embeddable":true,"href":"https:\/\/ciepiecesetmaindoeuvre.com\/index.php\/wp-json\/wp\/v2\/comments?post=911"}],"version-history":[{"count":113,"href":"https:\/\/ciepiecesetmaindoeuvre.com\/index.php\/wp-json\/wp\/v2\/pages\/911\/revisions"}],"predecessor-version":[{"id":2558,"href":"https:\/\/ciepiecesetmaindoeuvre.com\/index.php\/wp-json\/wp\/v2\/pages\/911\/revisions\/2558"}],"wp:attachment":[{"href":"https:\/\/ciepiecesetmaindoeuvre.com\/index.php\/wp-json\/wp\/v2\/media?parent=911"}],"curies":[{"name":"wp","href":"https:\/\/api.w.org\/{rel}","templated":true}]}}