{"id":394,"date":"2018-11-07T20:39:24","date_gmt":"2018-11-07T19:39:24","guid":{"rendered":"http:\/\/ciepiecesetmaindoeuvre.com\/?page_id=394"},"modified":"2025-04-10T15:09:44","modified_gmt":"2025-04-10T13:09:44","slug":"carton-plein","status":"publish","type":"page","link":"https:\/\/ciepiecesetmaindoeuvre.com\/index.php\/carton-plein\/","title":{"rendered":"La Vie est belle"},"content":{"rendered":"\t\t<div data-elementor-type=\"post\" data-elementor-id=\"394\" class=\"elementor elementor-394\" data-elementor-settings=\"[]\">\n\t\t\t<div class=\"elementor-inner\">\n\t\t\t\t<div class=\"elementor-section-wrap\">\n\t\t\t\t\t\t\t<section class=\"elementor-element elementor-element-d1a21d5 elementor-section-boxed elementor-section-height-default elementor-section-height-default elementor-section elementor-top-section\" data-id=\"d1a21d5\" data-element_type=\"section\">\n\t\t\t\t\t\t<div class=\"elementor-container elementor-column-gap-default\">\n\t\t\t\t<div class=\"elementor-row\">\n\t\t\t\t<div class=\"elementor-element elementor-element-853dce1 elementor-column elementor-col-100 elementor-top-column\" data-id=\"853dce1\" data-element_type=\"column\">\n\t\t\t<div class=\"elementor-column-wrap  elementor-element-populated\">\n\t\t\t\t\t<div class=\"elementor-widget-wrap\">\n\t\t\t\t<section class=\"elementor-element elementor-element-24b8385 elementor-section-boxed elementor-section-height-default elementor-section-height-default elementor-section elementor-inner-section\" data-id=\"24b8385\" data-element_type=\"section\">\n\t\t\t\t\t\t<div class=\"elementor-container elementor-column-gap-default\">\n\t\t\t\t<div class=\"elementor-row\">\n\t\t\t\t<div class=\"elementor-element elementor-element-30a7caf elementor-column elementor-col-50 elementor-inner-column\" data-id=\"30a7caf\" data-element_type=\"column\">\n\t\t\t<div class=\"elementor-column-wrap  elementor-element-populated\">\n\t\t\t\t\t<div class=\"elementor-widget-wrap\">\n\t\t\t\t<div class=\"elementor-element elementor-element-67e2b1a elementor-widget elementor-widget-text-editor\" data-id=\"67e2b1a\" data-element_type=\"widget\" data-widget_type=\"text-editor.default\">\n\t\t\t\t<div class=\"elementor-widget-container\">\n\t\t\t\t\t<div class=\"elementor-text-editor elementor-clearfix\"><h2><strong><span style=\"color: #000000;\">LA VIE EST BELLE<\/span><\/strong><\/h2><p><strong><span style=\"color: #000000;\">Tr\u00e8s jeune public et famille<\/span><\/strong><\/p><div class=\"page\" title=\"Page 5\"><div class=\"section\"><div class=\"layoutArea\"><div class=\"column\"><p><em>Spectacle de mime clownesque dro\u0302le et poe\u0301tique<\/em><\/p><p>Tout commence par unenaissance&#8230; On s&rsquo;imite, on danse, on rit, on se chamaille, on joue, on a peur, on s\u2019embrasse, on s\u2019aime, on s\u2019endort&#8230;<\/p><p>La vie quoi !<\/p><div class=\"page\" title=\"Page 7\"><div class=\"section\"><div class=\"layoutArea\"><div class=\"column\"><h3 style=\"text-align: center;\"><strong><a href=\"http:\/\/ciepiecesetmaindoeuvre.com\/wp-content\/uploads\/2025\/02\/dossier-presentation-La-Vie-est-belle-web.pdf\">TELECHARGER LE DOSSIER<\/a><\/strong><\/h3><p>Sur sce\u0300ne, Ce\u0301cile et Aure\u0301lie sont la\u0300 pour accueillir leur public avec l\u2019envie de jouer\u00a0avec lui&#8230;\u00a0<\/p><p>Accompagne\u0301s d\u2019une bande son, d\u2019une valise et d\u2019un tissu, deux clowns complices miment, dansent, jouent au rythme de musiques, de comptines et de bruitages, des instants de vie&#8230;<\/p><p>Le de\u0301cor se veut minimaliste pour pourvoir jouer partout.<\/p><p>C\u00e9cile et Aur\u00e9lie proposent aussi des ateliers en amont ou apr\u00e8s le spectacle (\u00e9coles, IME&#8230;). N&rsquo;h\u00e9sitez pas \u00e0 nous contacter<\/p><\/div><\/div><p>\u00a0<\/p><\/div><\/div><\/div><\/div><\/div><\/div><\/div>\n\t\t\t\t<\/div>\n\t\t\t\t<\/div>\n\t\t\t\t<div class=\"elementor-element elementor-element-76ec932 elementor-widget elementor-widget-text-editor\" data-id=\"76ec932\" data-element_type=\"widget\" data-widget_type=\"text-editor.default\">\n\t\t\t\t<div class=\"elementor-widget-container\">\n\t\t\t\t\t<div class=\"elementor-text-editor elementor-clearfix\"><h4 style=\"text-align: center;\">\u00a0<a style=\"font-size: 27px;\" href=\"http:\/\/ciepiecesetmaindoeuvre.com\/index.php\/leffet-barnum\/\">TOUTES LES INFOS<\/a><\/h4><div class=\"page\" title=\"Page 7\"><div class=\"section\"><div class=\"layoutArea\"><div class=\"column\"><h5 style=\"text-align: center;\"><span style=\"color: #000000;\"><strong>Diffusion <a href=\"mailto:production@ciepiecesetmaindoeuvre.com\">production@ciepiecesetmaindoeuvre.com\u00a0<\/a><\/strong><\/span><\/h5><h5 style=\"text-align: center;\"><span style=\"color: #000000;\"><strong>07.57.17.57.91<\/strong><\/span><\/h5><\/div><\/div><\/div><\/div><\/div>\n\t\t\t\t<\/div>\n\t\t\t\t<\/div>\n\t\t\t\t\t\t<\/div>\n\t\t\t<\/div>\n\t\t<\/div>\n\t\t\t\t<div class=\"elementor-element elementor-element-1b701d2 elementor-column elementor-col-50 elementor-inner-column\" data-id=\"1b701d2\" data-element_type=\"column\">\n\t\t\t<div class=\"elementor-column-wrap  elementor-element-populated\">\n\t\t\t\t\t<div class=\"elementor-widget-wrap\">\n\t\t\t\t<div class=\"elementor-element elementor-element-ad0b96e elementor-widget elementor-widget-image-carousel\" data-id=\"ad0b96e\" data-element_type=\"widget\" data-settings=\"{&quot;slides_to_show&quot;:&quot;1&quot;,&quot;autoplay_speed&quot;:4000,&quot;speed&quot;:1000,&quot;navigation&quot;:&quot;both&quot;,&quot;pause_on_hover&quot;:&quot;yes&quot;,&quot;autoplay&quot;:&quot;yes&quot;,&quot;infinite&quot;:&quot;yes&quot;,&quot;effect&quot;:&quot;slide&quot;,&quot;direction&quot;:&quot;ltr&quot;}\" data-widget_type=\"image-carousel.default\">\n\t\t\t\t<div class=\"elementor-widget-container\">\n\t\t\t\t\t<div class=\"elementor-image-carousel-wrapper elementor-slick-slider\" dir=\"ltr\">\n\t\t\t<div class=\"elementor-image-carousel slick-arrows-inside slick-dots-outside\">\n\t\t\t\t<div class=\"slick-slide\"><figure class=\"slick-slide-inner\"><img class=\"slick-slide-image\" src=\"https:\/\/ciepiecesetmaindoeuvre.com\/wp-content\/uploads\/2025\/02\/IMG_4565-scaled.jpeg\" alt=\"IMG_4565\" \/><\/figure><\/div><div class=\"slick-slide\"><figure class=\"slick-slide-inner\"><img class=\"slick-slide-image\" src=\"https:\/\/ciepiecesetmaindoeuvre.com\/wp-content\/uploads\/2025\/02\/IMG_4569-scaled.jpeg\" alt=\"IMG_4569\" \/><\/figure><\/div><div class=\"slick-slide\"><figure class=\"slick-slide-inner\"><img class=\"slick-slide-image\" src=\"https:\/\/ciepiecesetmaindoeuvre.com\/wp-content\/uploads\/2025\/02\/IMG_7040-scaled.jpeg\" alt=\"IMG_7040\" \/><\/figure><\/div><div class=\"slick-slide\"><figure class=\"slick-slide-inner\"><img class=\"slick-slide-image\" src=\"https:\/\/ciepiecesetmaindoeuvre.com\/wp-content\/uploads\/2025\/02\/IMG_7059-scaled.jpeg\" alt=\"IMG_7059\" \/><\/figure><\/div><div class=\"slick-slide\"><figure class=\"slick-slide-inner\"><img class=\"slick-slide-image\" src=\"https:\/\/ciepiecesetmaindoeuvre.com\/wp-content\/uploads\/2025\/02\/IMG_4571-scaled.jpeg\" alt=\"IMG_4571\" \/><\/figure><\/div><div class=\"slick-slide\"><figure class=\"slick-slide-inner\"><img class=\"slick-slide-image\" src=\"https:\/\/ciepiecesetmaindoeuvre.com\/wp-content\/uploads\/2025\/02\/Capture-decran-2025-02-19-a-18.44.38.png\" alt=\"Capture d\u2019\u00e9cran 2025-02-19 \u00e0 18.44.38\" \/><\/figure><\/div><div class=\"slick-slide\"><figure class=\"slick-slide-inner\"><img class=\"slick-slide-image\" src=\"https:\/\/ciepiecesetmaindoeuvre.com\/wp-content\/uploads\/2025\/02\/IMG_7673.jpeg\" alt=\"IMG_7673\" \/><\/figure><\/div>\t\t\t<\/div>\n\t\t<\/div>\n\t\t\t\t<\/div>\n\t\t\t\t<\/div>\n\t\t\t\t\t\t<\/div>\n\t\t\t<\/div>\n\t\t<\/div>\n\t\t\t\t\t\t<\/div>\n\t\t\t<\/div>\n\t\t<\/section>\n\t\t\t\t\t\t<\/div>\n\t\t\t<\/div>\n\t\t<\/div>\n\t\t\t\t\t\t<\/div>\n\t\t\t<\/div>\n\t\t<\/section>\n\t\t\t\t<section class=\"elementor-element elementor-element-225f620 elementor-section-boxed elementor-section-height-default elementor-section-height-default elementor-section elementor-top-section\" data-id=\"225f620\" data-element_type=\"section\">\n\t\t\t\t\t\t<div class=\"elementor-container elementor-column-gap-default\">\n\t\t\t\t<div class=\"elementor-row\">\n\t\t\t\t<div class=\"elementor-element elementor-element-b6f4eca elementor-column elementor-col-100 elementor-top-column\" data-id=\"b6f4eca\" data-element_type=\"column\">\n\t\t\t<div class=\"elementor-column-wrap  elementor-element-populated\">\n\t\t\t\t\t<div class=\"elementor-widget-wrap\">\n\t\t\t\t<div class=\"elementor-element elementor-element-35b5a18 elementor-widget elementor-widget-divider\" data-id=\"35b5a18\" data-element_type=\"widget\" data-widget_type=\"divider.default\">\n\t\t\t\t<div class=\"elementor-widget-container\">\n\t\t\t\t\t<div class=\"elementor-divider\">\n\t\t\t<span class=\"elementor-divider-separator\"><\/span>\n\t\t<\/div>\n\t\t\t\t<\/div>\n\t\t\t\t<\/div>\n\t\t\t\t\t\t<\/div>\n\t\t\t<\/div>\n\t\t<\/div>\n\t\t\t\t\t\t<\/div>\n\t\t\t<\/div>\n\t\t<\/section>\n\t\t\t\t\t\t<\/div>\n\t\t\t<\/div>\n\t\t<\/div>\n\t\t","protected":false},"excerpt":{"rendered":"<p>LA VIE EST BELLE Tr\u00e8s jeune public et famille Spectacle de mime clownesque dro\u0302le et poe\u0301tique Tout commence par unenaissance&#8230; On s&rsquo;imite, on danse, on rit, on se chamaille, on joue, on a peur, on s\u2019embrasse, on s\u2019aime, on s\u2019endort&#8230; La vie quoi ! TELECHARGER LE DOSSIER Sur sce\u0300ne, Ce\u0301cile et Aure\u0301lie sont la\u0300 pour [&hellip;]<\/p>\n","protected":false},"author":1,"featured_media":0,"parent":0,"menu_order":0,"comment_status":"closed","ping_status":"closed","template":"template-parts\/template-homepage.php","meta":[],"_links":{"self":[{"href":"https:\/\/ciepiecesetmaindoeuvre.com\/index.php\/wp-json\/wp\/v2\/pages\/394"}],"collection":[{"href":"https:\/\/ciepiecesetmaindoeuvre.com\/index.php\/wp-json\/wp\/v2\/pages"}],"about":[{"href":"https:\/\/ciepiecesetmaindoeuvre.com\/index.php\/wp-json\/wp\/v2\/types\/page"}],"author":[{"embeddable":true,"href":"https:\/\/ciepiecesetmaindoeuvre.com\/index.php\/wp-json\/wp\/v2\/users\/1"}],"replies":[{"embeddable":true,"href":"https:\/\/ciepiecesetmaindoeuvre.com\/index.php\/wp-json\/wp\/v2\/comments?post=394"}],"version-history":[{"count":50,"href":"https:\/\/ciepiecesetmaindoeuvre.com\/index.php\/wp-json\/wp\/v2\/pages\/394\/revisions"}],"predecessor-version":[{"id":2500,"href":"https:\/\/ciepiecesetmaindoeuvre.com\/index.php\/wp-json\/wp\/v2\/pages\/394\/revisions\/2500"}],"wp:attachment":[{"href":"https:\/\/ciepiecesetmaindoeuvre.com\/index.php\/wp-json\/wp\/v2\/media?parent=394"}],"curies":[{"name":"wp","href":"https:\/\/api.w.org\/{rel}","templated":true}]}}