{"id":2564,"date":"2026-01-19T15:49:24","date_gmt":"2026-01-19T14:49:24","guid":{"rendered":"http:\/\/ciepiecesetmaindoeuvre.com\/?page_id=2564"},"modified":"2026-01-19T16:25:08","modified_gmt":"2026-01-19T15:25:08","slug":"le-fruit-de-nos-entrailles","status":"publish","type":"page","link":"https:\/\/ciepiecesetmaindoeuvre.com\/index.php\/le-fruit-de-nos-entrailles\/","title":{"rendered":"Le fruit de nos entrailles"},"content":{"rendered":"\t\t<div data-elementor-type=\"post\" data-elementor-id=\"2564\" class=\"elementor elementor-2564\" data-elementor-settings=\"[]\">\n\t\t\t<div class=\"elementor-inner\">\n\t\t\t\t<div class=\"elementor-section-wrap\">\n\t\t\t\t\t\t\t<section class=\"elementor-element elementor-element-87e384e elementor-section-boxed elementor-section-height-default elementor-section-height-default elementor-section elementor-top-section\" data-id=\"87e384e\" data-element_type=\"section\">\n\t\t\t\t\t\t<div class=\"elementor-container elementor-column-gap-default\">\n\t\t\t\t<div class=\"elementor-row\">\n\t\t\t\t<div class=\"elementor-element elementor-element-f00317d elementor-column elementor-col-50 elementor-top-column\" data-id=\"f00317d\" data-element_type=\"column\">\n\t\t\t<div class=\"elementor-column-wrap  elementor-element-populated\">\n\t\t\t\t\t<div class=\"elementor-widget-wrap\">\n\t\t\t\t<div class=\"elementor-element elementor-element-a3862cc elementor-widget elementor-widget-image\" data-id=\"a3862cc\" data-element_type=\"widget\" data-widget_type=\"image.default\">\n\t\t\t\t<div class=\"elementor-widget-container\">\n\t\t\t\t\t<div class=\"elementor-image\">\n\t\t\t\t\t\t\t\t\t\t<img width=\"445\" height=\"630\" src=\"https:\/\/ciepiecesetmaindoeuvre.com\/wp-content\/uploads\/2026\/01\/Capture-decran-2026-01-12-152921.png\" class=\"attachment-large size-large\" alt=\"\" loading=\"lazy\" srcset=\"https:\/\/ciepiecesetmaindoeuvre.com\/wp-content\/uploads\/2026\/01\/Capture-decran-2026-01-12-152921.png 445w, https:\/\/ciepiecesetmaindoeuvre.com\/wp-content\/uploads\/2026\/01\/Capture-decran-2026-01-12-152921-212x300.png 212w\" sizes=\"(max-width: 445px) 100vw, 445px\" \/>\t\t\t\t\t\t\t\t\t\t\t<\/div>\n\t\t\t\t<\/div>\n\t\t\t\t<\/div>\n\t\t\t\t\t\t<\/div>\n\t\t\t<\/div>\n\t\t<\/div>\n\t\t\t\t<div class=\"elementor-element elementor-element-8acc8ad elementor-column elementor-col-50 elementor-top-column\" data-id=\"8acc8ad\" data-element_type=\"column\">\n\t\t\t<div class=\"elementor-column-wrap  elementor-element-populated\">\n\t\t\t\t\t<div class=\"elementor-widget-wrap\">\n\t\t\t\t<div class=\"elementor-element elementor-element-f55ca2d elementor-widget elementor-widget-text-editor\" data-id=\"f55ca2d\" data-element_type=\"widget\" data-widget_type=\"text-editor.default\">\n\t\t\t\t<div class=\"elementor-widget-container\">\n\t\t\t\t\t<div class=\"elementor-text-editor elementor-clearfix\"><h3><span style=\"color: #000000;\"><strong>LE FRUIT DE NOS ENTRAILLES<\/strong><\/span><\/h3><p><span style=\"color: #000000;\">Tout public \u00e0 partir de 12 ans &#8211; cr\u00e9ation 2026<\/span><\/p><p><em><span style=\"color: #000000;\">La parentalit\u00e9 c&rsquo;est comme le pr\u00e9rin\u00e9e. C&rsquo;est un muscle. Et quand il est rel\u00e2ch\u00e9, on doit le r\u00e9\u00e9duquer.<\/span><\/em><\/p><p><span style=\"color: #000000;\">Dur\u00e9e : 1h00<\/span><\/p><p><span style=\"color: #000000;\"><em>Contact : Nejma au 07 57 17 57 91<\/em><\/span><\/p><h3><a href=\"http:\/\/ciepiecesetmaindoeuvre.com\/wp-content\/uploads\/2026\/01\/Dossier-Fruit-de-nos-entrailles.pdf\" target=\"_blank\" rel=\"noopener\">Dossier Le Fruit de nos entrailles<\/a><\/h3><\/div>\n\t\t\t\t<\/div>\n\t\t\t\t<\/div>\n\t\t\t\t\t\t<\/div>\n\t\t\t<\/div>\n\t\t<\/div>\n\t\t\t\t\t\t<\/div>\n\t\t\t<\/div>\n\t\t<\/section>\n\t\t\t\t<section class=\"elementor-element elementor-element-0c21197 elementor-section-boxed elementor-section-height-default elementor-section-height-default elementor-section elementor-top-section\" data-id=\"0c21197\" data-element_type=\"section\">\n\t\t\t\t\t\t<div class=\"elementor-container elementor-column-gap-default\">\n\t\t\t\t<div class=\"elementor-row\">\n\t\t\t\t<div class=\"elementor-element elementor-element-cddf860 elementor-column elementor-col-100 elementor-top-column\" data-id=\"cddf860\" data-element_type=\"column\">\n\t\t\t<div class=\"elementor-column-wrap  elementor-element-populated\">\n\t\t\t\t\t<div class=\"elementor-widget-wrap\">\n\t\t\t\t<div class=\"elementor-element elementor-element-ad7e56d elementor-widget elementor-widget-divider\" data-id=\"ad7e56d\" data-element_type=\"widget\" data-widget_type=\"divider.default\">\n\t\t\t\t<div class=\"elementor-widget-container\">\n\t\t\t\t\t<div class=\"elementor-divider\">\n\t\t\t<span class=\"elementor-divider-separator\"><\/span>\n\t\t<\/div>\n\t\t\t\t<\/div>\n\t\t\t\t<\/div>\n\t\t\t\t\t\t<\/div>\n\t\t\t<\/div>\n\t\t<\/div>\n\t\t\t\t\t\t<\/div>\n\t\t\t<\/div>\n\t\t<\/section>\n\t\t\t\t<section class=\"elementor-element elementor-element-6ff15fd elementor-section-boxed elementor-section-height-default elementor-section-height-default elementor-section elementor-top-section\" data-id=\"6ff15fd\" data-element_type=\"section\">\n\t\t\t\t\t\t<div class=\"elementor-container elementor-column-gap-default\">\n\t\t\t\t<div class=\"elementor-row\">\n\t\t\t\t<div class=\"elementor-element elementor-element-1c52e20 elementor-column elementor-col-50 elementor-top-column\" data-id=\"1c52e20\" data-element_type=\"column\">\n\t\t\t<div class=\"elementor-column-wrap  elementor-element-populated\">\n\t\t\t\t\t<div class=\"elementor-widget-wrap\">\n\t\t\t\t<div class=\"elementor-element elementor-element-0f0d94f elementor-widget elementor-widget-text-editor\" data-id=\"0f0d94f\" data-element_type=\"widget\" data-widget_type=\"text-editor.default\">\n\t\t\t\t<div class=\"elementor-widget-container\">\n\t\t\t\t\t<div class=\"elementor-text-editor elementor-clearfix\"><p><strong><span style=\"color: #000000;\"><em>Suis-je un bon parent ? <\/em><\/span><\/strong><\/p><p><span style=\"color: #000000;\"><em>Si vous vous posez cette question, il est sans<\/em><\/span><br \/><span style=\"color: #000000;\"><em>doute temps de participer \u00e0 notre stage de<\/em><\/span><br \/><span style=\"color: #000000;\"><em>r\u00e9cup\u00e9ration de points de parentalit\u00e9. <\/em><\/span><br \/><span style=\"color: #000000;\"><em>Sous l&rsquo;\u0153il bienveillant &#8211; mais ferme &#8211; de Carole et<\/em><\/span><br \/><span style=\"color: #000000;\"><em>C\u00e9dric, nos deux experts certifi\u00e9s en encadrement<\/em><\/span><br \/><span style=\"color: #000000;\"><em>\u00e9ducatif intensif, vous b\u00e9n\u00e9ficierez de conseils<\/em><\/span><br \/><span style=\"color: #000000;\"><em>pratiques, de mises en situation r\u00e9alistes et d&rsquo;un<\/em><\/span><br \/><span style=\"color: #000000;\"><em>accompagnement personnalis\u00e9 pour (re)devenir un<\/em><\/span><br \/><span style=\"color: #000000;\"><em>parent exemplaire, \u00e0 faire p\u00e2lir de jalousie les<\/em><\/span><br \/><span style=\"color: #000000;\"><em>d\u00e9l\u00e9gu\u00e9s de parents d&rsquo;\u00e9l\u00e8ves et autres experts en<\/em><\/span><br \/><span style=\"color: #000000;\"><em>cookies de mes deux. <\/em><\/span><br \/><span style=\"color: #000000;\"><em>Entre conf\u00e9rence absurde et m\u00e9thodes douteuses,<\/em><\/span><br \/><span style=\"color: #000000;\"><em>ce stage cerne avec humour les injonctions<\/em><\/span><br \/><span style=\"color: #000000;\"><em>contradictoires, les angoisses et les absurdit\u00e9s qui<\/em><\/span><br \/><span style=\"color: #000000;\"><em>entourent aujourd&rsquo;hui la parentalit\u00e9.<\/em><\/span><br \/><span style=\"color: #000000;\"><em>Car la parentalit\u00e9, c&rsquo;est comme le p\u00e9rin\u00e9e : c&rsquo;est<\/em><\/span><br \/><span style=\"color: #000000;\"><em>un muscle. Et quand il est rel\u00e2ch\u00e9, on doit le<\/em><\/span><br \/><span style=\"color: #000000;\"><em>r\u00e9\u00e9duquer.<\/em><\/span><\/p><\/div>\n\t\t\t\t<\/div>\n\t\t\t\t<\/div>\n\t\t\t\t\t\t<\/div>\n\t\t\t<\/div>\n\t\t<\/div>\n\t\t\t\t<div class=\"elementor-element elementor-element-d0f70f8 elementor-column elementor-col-50 elementor-top-column\" data-id=\"d0f70f8\" data-element_type=\"column\">\n\t\t\t<div class=\"elementor-column-wrap  elementor-element-populated\">\n\t\t\t\t\t<div class=\"elementor-widget-wrap\">\n\t\t\t\t<div class=\"elementor-element elementor-element-816f58b elementor-widget elementor-widget-image\" data-id=\"816f58b\" data-element_type=\"widget\" data-widget_type=\"image.default\">\n\t\t\t\t<div class=\"elementor-widget-container\">\n\t\t\t\t\t<div class=\"elementor-image\">\n\t\t\t\t\t\t\t<figure class=\"wp-caption\">\n\t\t\t\t\t\t\t\t\t\t<img width=\"750\" height=\"533\" src=\"https:\/\/ciepiecesetmaindoeuvre.com\/wp-content\/uploads\/2025\/02\/IMG_3498.jpg\" class=\"attachment-large size-large\" alt=\"\" loading=\"lazy\" srcset=\"https:\/\/ciepiecesetmaindoeuvre.com\/wp-content\/uploads\/2025\/02\/IMG_3498.jpg 750w, https:\/\/ciepiecesetmaindoeuvre.com\/wp-content\/uploads\/2025\/02\/IMG_3498-300x213.jpg 300w\" sizes=\"(max-width: 750px) 100vw, 750px\" \/>\t\t\t\t\t\t\t\t\t\t\t<figcaption class=\"widget-image-caption wp-caption-text\"><\/figcaption>\n\t\t\t\t\t\t\t\t\t\t<\/figure>\n\t\t\t\t\t<\/div>\n\t\t\t\t<\/div>\n\t\t\t\t<\/div>\n\t\t\t\t\t\t<\/div>\n\t\t\t<\/div>\n\t\t<\/div>\n\t\t\t\t\t\t<\/div>\n\t\t\t<\/div>\n\t\t<\/section>\n\t\t\t\t<section class=\"elementor-element elementor-element-b05d487 elementor-section-boxed elementor-section-height-default elementor-section-height-default elementor-section elementor-top-section\" data-id=\"b05d487\" data-element_type=\"section\">\n\t\t\t\t\t\t<div class=\"elementor-container elementor-column-gap-default\">\n\t\t\t\t<div class=\"elementor-row\">\n\t\t\t\t<div class=\"elementor-element elementor-element-1919339 elementor-column elementor-col-100 elementor-top-column\" data-id=\"1919339\" data-element_type=\"column\">\n\t\t\t<div class=\"elementor-column-wrap  elementor-element-populated\">\n\t\t\t\t\t<div class=\"elementor-widget-wrap\">\n\t\t\t\t<div class=\"elementor-element elementor-element-12c3c01 elementor-widget elementor-widget-text-editor\" data-id=\"12c3c01\" data-element_type=\"widget\" data-widget_type=\"text-editor.default\">\n\t\t\t\t<div class=\"elementor-widget-container\">\n\t\t\t\t\t<div class=\"elementor-text-editor elementor-clearfix\"><h3><strong><span style=\"color: #000000;\">Conditions d&rsquo;accueil<\/span><\/strong><\/h3><p><span style=\"color: #000000;\">Le spectacle peut se jouer PARTOUT en ext\u00e9rieur ou int\u00e9rieur. <\/span><\/p><p><span style=\"color: #000000;\">Possibilit\u00e9 de fournir le mat\u00e9riel technique si votre lieu n\u2019est pas \u00e9quip\u00e9. <\/span><\/p><p><span style=\"color: #000000;\">Faire le noir dans la salle si n\u00e9cessaire. <\/span><\/p><p><span style=\"color: #000000;\"><strong>N\u2019h\u00e9sitez pas \u00e0 nous contacter pour plus de d\u00e9tails.<\/strong><\/span><\/p><p class=\"Standard\"><span style=\"color: #000000;\">Dur\u00e9\u00a0: 1h00<\/span><\/p><p class=\"Standard\"><span style=\"color: #000000;\">Pr\u00e9voir un espace loge avec point d\u2019eau, miroir, WC + Catering<\/span><\/p><p class=\"Standard\"><span style=\"color: #000000;\">H\u00e9bergement en tourn\u00e9e : 2 ou 3 chambres singles et repas.<\/span><\/p><p class=\"Standard\"><span style=\"color: #000000;\">Montage et d\u00e9montage le jour m\u00eame de la repr\u00e9sentation.<\/span><\/p><p class=\"Standard\"><span style=\"color: #000000;\"><b><u>Devis sur demande<\/u><\/b><\/span><\/p><\/div>\n\t\t\t\t<\/div>\n\t\t\t\t<\/div>\n\t\t\t\t\t\t<\/div>\n\t\t\t<\/div>\n\t\t<\/div>\n\t\t\t\t\t\t<\/div>\n\t\t\t<\/div>\n\t\t<\/section>\n\t\t\t\t\t\t<\/div>\n\t\t\t<\/div>\n\t\t<\/div>\n\t\t","protected":false},"excerpt":{"rendered":"<p>LE FRUIT DE NOS ENTRAILLES Tout public \u00e0 partir de 12 ans &#8211; cr\u00e9ation 2026 La parentalit\u00e9 c&rsquo;est comme le pr\u00e9rin\u00e9e. C&rsquo;est un muscle. Et quand il est rel\u00e2ch\u00e9, on doit le r\u00e9\u00e9duquer. Dur\u00e9e : 1h00 Contact : Nejma au 07 57 17 57 91 Dossier Le Fruit de nos entrailles Suis-je un bon parent [&hellip;]<\/p>\n","protected":false},"author":1,"featured_media":0,"parent":0,"menu_order":0,"comment_status":"closed","ping_status":"closed","template":"template-parts\/template-homepage.php","meta":[],"_links":{"self":[{"href":"https:\/\/ciepiecesetmaindoeuvre.com\/index.php\/wp-json\/wp\/v2\/pages\/2564"}],"collection":[{"href":"https:\/\/ciepiecesetmaindoeuvre.com\/index.php\/wp-json\/wp\/v2\/pages"}],"about":[{"href":"https:\/\/ciepiecesetmaindoeuvre.com\/index.php\/wp-json\/wp\/v2\/types\/page"}],"author":[{"embeddable":true,"href":"https:\/\/ciepiecesetmaindoeuvre.com\/index.php\/wp-json\/wp\/v2\/users\/1"}],"replies":[{"embeddable":true,"href":"https:\/\/ciepiecesetmaindoeuvre.com\/index.php\/wp-json\/wp\/v2\/comments?post=2564"}],"version-history":[{"count":6,"href":"https:\/\/ciepiecesetmaindoeuvre.com\/index.php\/wp-json\/wp\/v2\/pages\/2564\/revisions"}],"predecessor-version":[{"id":2577,"href":"https:\/\/ciepiecesetmaindoeuvre.com\/index.php\/wp-json\/wp\/v2\/pages\/2564\/revisions\/2577"}],"wp:attachment":[{"href":"https:\/\/ciepiecesetmaindoeuvre.com\/index.php\/wp-json\/wp\/v2\/media?parent=2564"}],"curies":[{"name":"wp","href":"https:\/\/api.w.org\/{rel}","templated":true}]}}