{"id":2475,"date":"2025-03-25T16:36:58","date_gmt":"2025-03-25T15:36:58","guid":{"rendered":"http:\/\/ciepiecesetmaindoeuvre.com\/?page_id=2475"},"modified":"2025-03-25T16:58:16","modified_gmt":"2025-03-25T15:58:16","slug":"pure-vintage","status":"publish","type":"page","link":"https:\/\/ciepiecesetmaindoeuvre.com\/index.php\/pure-vintage\/","title":{"rendered":"Pure Vintage"},"content":{"rendered":"\t\t<div data-elementor-type=\"post\" data-elementor-id=\"2475\" class=\"elementor elementor-2475\" data-elementor-settings=\"[]\">\n\t\t\t<div class=\"elementor-inner\">\n\t\t\t\t<div class=\"elementor-section-wrap\">\n\t\t\t\t\t\t\t<section class=\"elementor-element elementor-element-6ccff4c elementor-section-full_width elementor-section-height-default elementor-section-height-default elementor-section elementor-top-section\" data-id=\"6ccff4c\" data-element_type=\"section\">\n\t\t\t\t\t\t<div class=\"elementor-container elementor-column-gap-wider\">\n\t\t\t\t<div class=\"elementor-row\">\n\t\t\t\t<div class=\"elementor-element elementor-element-2e3c859 elementor-column elementor-col-50 elementor-top-column\" data-id=\"2e3c859\" data-element_type=\"column\">\n\t\t\t<div class=\"elementor-column-wrap  elementor-element-populated\">\n\t\t\t\t\t<div class=\"elementor-widget-wrap\">\n\t\t\t\t<div class=\"elementor-element elementor-element-538e3b5 elementor-widget elementor-widget-html\" data-id=\"538e3b5\" data-element_type=\"widget\" data-widget_type=\"html.default\">\n\t\t\t\t<div class=\"elementor-widget-container\">\n\t\t\t<iframe loading=\"lazy\" width=\"560\" height=\"315\" src=\"https:\/\/www.youtube.com\/embed\/3bdLuTAbQWs?si=p-0hqSHE0l0tnvH-\" title=\"YouTube video player\" frameborder=\"0\" allow=\"accelerometer; autoplay; clipboard-write; encrypted-media; gyroscope; picture-in-picture; web-share\" referrerpolicy=\"strict-origin-when-cross-origin\" allowfullscreen><\/iframe>\t\t<\/div>\n\t\t\t\t<\/div>\n\t\t\t\t\t\t<\/div>\n\t\t\t<\/div>\n\t\t<\/div>\n\t\t\t\t<div class=\"elementor-element elementor-element-d0a9435 elementor-column elementor-col-50 elementor-top-column\" data-id=\"d0a9435\" data-element_type=\"column\">\n\t\t\t<div class=\"elementor-column-wrap  elementor-element-populated\">\n\t\t\t\t\t<div class=\"elementor-widget-wrap\">\n\t\t\t\t<div class=\"elementor-element elementor-element-0eec175 elementor-widget elementor-widget-text-editor\" data-id=\"0eec175\" data-element_type=\"widget\" data-widget_type=\"text-editor.default\">\n\t\t\t\t<div class=\"elementor-widget-container\">\n\t\t\t\t\t<div class=\"elementor-text-editor elementor-clearfix\"><h3><span style=\"color: #000000;\"><strong>PURE VINTAGE<\/strong><\/span><\/h3><p><span style=\"color: #000000;\">Musique Live Premium <br \/><\/span><\/p><p><span style=\"color: #000000;\">Reprises de tubes internationaux version vintage<\/span><\/p><p><span style=\"color: #000000;\">Pour cocktails, events, corporate, inauguration&#8230; <br \/><\/span><\/p><p>\u00a0<\/p><p><span style=\"color: #000000;\"><em>Contact : Nejma au 07 57 17 57 91<\/em><\/span><\/p><h5><i>production@ciepiecesetmaindoeuvre.com<\/i><\/h5><div>\u00a0<\/div><\/div>\n\t\t\t\t<\/div>\n\t\t\t\t<\/div>\n\t\t\t\t\t\t<\/div>\n\t\t\t<\/div>\n\t\t<\/div>\n\t\t\t\t\t\t<\/div>\n\t\t\t<\/div>\n\t\t<\/section>\n\t\t\t\t<section class=\"elementor-element elementor-element-53ac02a elementor-section-boxed elementor-section-height-default elementor-section-height-default elementor-section elementor-top-section\" data-id=\"53ac02a\" data-element_type=\"section\">\n\t\t\t\t\t\t<div class=\"elementor-container elementor-column-gap-default\">\n\t\t\t\t<div class=\"elementor-row\">\n\t\t\t\t<div class=\"elementor-element elementor-element-d1f9f3f elementor-column elementor-col-100 elementor-top-column\" data-id=\"d1f9f3f\" data-element_type=\"column\">\n\t\t\t<div class=\"elementor-column-wrap  elementor-element-populated\">\n\t\t\t\t\t<div class=\"elementor-widget-wrap\">\n\t\t\t\t<div class=\"elementor-element elementor-element-5a156a8 elementor-widget elementor-widget-divider\" data-id=\"5a156a8\" data-element_type=\"widget\" data-widget_type=\"divider.default\">\n\t\t\t\t<div class=\"elementor-widget-container\">\n\t\t\t\t\t<div class=\"elementor-divider\">\n\t\t\t<span class=\"elementor-divider-separator\"><\/span>\n\t\t<\/div>\n\t\t\t\t<\/div>\n\t\t\t\t<\/div>\n\t\t\t\t\t\t<\/div>\n\t\t\t<\/div>\n\t\t<\/div>\n\t\t\t\t\t\t<\/div>\n\t\t\t<\/div>\n\t\t<\/section>\n\t\t\t\t<section class=\"elementor-element elementor-element-f30f907 elementor-section-boxed elementor-section-height-default elementor-section-height-default elementor-section elementor-top-section\" data-id=\"f30f907\" data-element_type=\"section\">\n\t\t\t\t\t\t<div class=\"elementor-container elementor-column-gap-default\">\n\t\t\t\t<div class=\"elementor-row\">\n\t\t\t\t<div class=\"elementor-element elementor-element-2e5576f elementor-column elementor-col-66 elementor-top-column\" data-id=\"2e5576f\" data-element_type=\"column\">\n\t\t\t<div class=\"elementor-column-wrap  elementor-element-populated\">\n\t\t\t\t\t<div class=\"elementor-widget-wrap\">\n\t\t\t\t<div class=\"elementor-element elementor-element-b3aa49a elementor-widget elementor-widget-text-editor\" data-id=\"b3aa49a\" data-element_type=\"widget\" data-widget_type=\"text-editor.default\">\n\t\t\t\t<div class=\"elementor-widget-container\">\n\t\t\t\t\t<div class=\"elementor-text-editor elementor-clearfix\"><p class=\"font_2 wixui-rich-text__text\"><span class=\"wixui-rich-text__text\" style=\"color: #000000;\">Pure Vintage Music Live Premium est un collectif bas\u00e9 dans l&rsquo;Ain, compos\u00e9 de 3 ou 4 artistes professionnels qui sublime votre \u00e9v\u00e9nement pour une ambiance \u00e9l\u00e9gante et chic.\u00a0 Deux voix avec une vraie signature vocale et deux musiciens multi-instrumentistes qui interpr\u00e8tent des tubes internationaux en version vintage. <\/span><br class=\"wixui-rich-text__text\" \/><span style=\"color: #000000;\">\u00a0<\/span><br class=\"wixui-rich-text__text\" \/><span class=\"wixui-rich-text__text\" style=\"color: #000000;\">Une animation musicale totalement atypique et innovante ! <\/span><br class=\"wixui-rich-text__text\" \/><span style=\"color: #000000;\">\u00a0<\/span><br class=\"wixui-rich-text__text\" \/><span class=\"wixui-rich-text__text\" style=\"color: #000000;\">Une prestation compl\u00e8te et haut de gamme vous est propos\u00e9e avec une sonorisation de r\u00e9f\u00e9rence mondiale (d&amp;b), un \u00e9clairage vintage et une sc\u00e9nographie soign\u00e9e.<\/span><br class=\"wixui-rich-text__text\" \/><span style=\"color: #000000;\">\u00a0<\/span><br class=\"wixui-rich-text__text\" \/><span class=\"wixui-rich-text__text\" style=\"color: #000000;\">Red\u00e9couvrez des titres incontournables au son d&rsquo;instruments authentiques: Clavier Fender Rhodes de 1973, Batterie Gretsh vintage USA Custom 1980, Contrebasse 1985 et Ukul\u00e9l\u00e9. <\/span><br class=\"wixui-rich-text__text\" \/><span style=\"color: #000000;\">\u00a0<\/span><br class=\"wixui-rich-text__text\" \/><span class=\"wixui-rich-text__text\" style=\"color: #000000;\">Pure Vintage propose un r\u00e9pertoire vari\u00e9 et tendance qui s\u00e9duira de fa\u00e7on certaine tous vos invit\u00e9s. (Justin Timberlake, Lady Gaga, Amy Whinehouse, Mickael Jackson, Sting, Alicia Keys&#8230;)<\/span><br class=\"wixui-rich-text__text\" \/><span class=\"wixui-rich-text__text\" style=\"color: #000000;\">\u200b<\/span><br class=\"wixui-rich-text__text\" \/><span class=\"wixui-rich-text__text\" style=\"color: #000000;\">Le Groupe de musique Pure Vintage Music Live Premium intervient dans des contextes \u00a0vari\u00e9s : animation de mariage, cocktail d\u2019entreprise, soir\u00e9e priv\u00e9e, h\u00f4tel de luxe, soir\u00e9e, VIP lounge music, \u00e9v\u00e9nement sportif, croisi\u00e8re touristique, service culturel, musique d\u2019ambiance &#8230;<\/span><br class=\"wixui-rich-text__text\" \/><span class=\"wixui-rich-text__text\" style=\"color: #000000;\">\u200b<\/span><br class=\"wixui-rich-text__text\" \/><span class=\"wixui-rich-text__text\" style=\"color: #000000;\">Un Vintage vraiment \u00e0 la mode !<\/span><\/p><\/div>\n\t\t\t\t<\/div>\n\t\t\t\t<\/div>\n\t\t\t\t\t\t<\/div>\n\t\t\t<\/div>\n\t\t<\/div>\n\t\t\t\t<div class=\"elementor-element elementor-element-a49702b elementor-column elementor-col-33 elementor-top-column\" data-id=\"a49702b\" data-element_type=\"column\">\n\t\t\t<div class=\"elementor-column-wrap  elementor-element-populated\">\n\t\t\t\t\t<div class=\"elementor-widget-wrap\">\n\t\t\t\t<div class=\"elementor-element elementor-element-82a6f9d elementor-widget elementor-widget-image\" data-id=\"82a6f9d\" data-element_type=\"widget\" data-widget_type=\"image.default\">\n\t\t\t\t<div class=\"elementor-widget-container\">\n\t\t\t\t\t<div class=\"elementor-image\">\n\t\t\t\t\t\t\t\t\t\t<img width=\"457\" height=\"695\" src=\"https:\/\/ciepiecesetmaindoeuvre.com\/wp-content\/uploads\/2025\/03\/Capture-decran-2025-03-25-162921.png\" class=\"attachment-large size-large\" alt=\"\" loading=\"lazy\" srcset=\"https:\/\/ciepiecesetmaindoeuvre.com\/wp-content\/uploads\/2025\/03\/Capture-decran-2025-03-25-162921.png 457w, https:\/\/ciepiecesetmaindoeuvre.com\/wp-content\/uploads\/2025\/03\/Capture-decran-2025-03-25-162921-197x300.png 197w\" sizes=\"(max-width: 457px) 100vw, 457px\" \/>\t\t\t\t\t\t\t\t\t\t\t<\/div>\n\t\t\t\t<\/div>\n\t\t\t\t<\/div>\n\t\t\t\t\t\t<\/div>\n\t\t\t<\/div>\n\t\t<\/div>\n\t\t\t\t\t\t<\/div>\n\t\t\t<\/div>\n\t\t<\/section>\n\t\t\t\t<section class=\"elementor-element elementor-element-fd642d3 elementor-section-boxed elementor-section-height-default elementor-section-height-default elementor-section elementor-top-section\" data-id=\"fd642d3\" data-element_type=\"section\">\n\t\t\t\t\t\t<div class=\"elementor-container elementor-column-gap-default\">\n\t\t\t\t<div class=\"elementor-row\">\n\t\t\t\t<div class=\"elementor-element elementor-element-0b70849 elementor-column elementor-col-100 elementor-top-column\" data-id=\"0b70849\" data-element_type=\"column\">\n\t\t\t<div class=\"elementor-column-wrap  elementor-element-populated\">\n\t\t\t\t\t<div class=\"elementor-widget-wrap\">\n\t\t\t\t<div class=\"elementor-element elementor-element-a350334 elementor-widget elementor-widget-html\" data-id=\"a350334\" data-element_type=\"widget\" data-widget_type=\"html.default\">\n\t\t\t\t<div class=\"elementor-widget-container\">\n\t\t\t<iframe loading=\"lazy\" width=\"560\" height=\"315\" src=\"https:\/\/www.youtube.com\/embed\/dZeS0IuZa_s?si=jPeT2T_tr3u1qUmw\" title=\"YouTube video player\" frameborder=\"0\" allow=\"accelerometer; autoplay; clipboard-write; encrypted-media; gyroscope; picture-in-picture; web-share\" referrerpolicy=\"strict-origin-when-cross-origin\" allowfullscreen><\/iframe>\t\t<\/div>\n\t\t\t\t<\/div>\n\t\t\t\t\t\t<\/div>\n\t\t\t<\/div>\n\t\t<\/div>\n\t\t\t\t\t\t<\/div>\n\t\t\t<\/div>\n\t\t<\/section>\n\t\t\t\t\t\t<\/div>\n\t\t\t<\/div>\n\t\t<\/div>\n\t\t","protected":false},"excerpt":{"rendered":"<p>PURE VINTAGE Musique Live Premium Reprises de tubes internationaux version vintage Pour cocktails, events, corporate, inauguration&#8230; \u00a0 Contact : Nejma au 07 57 17 57 91 production@ciepiecesetmaindoeuvre.com \u00a0 Pure Vintage Music Live Premium est un collectif bas\u00e9 dans l&rsquo;Ain, compos\u00e9 de 3 ou 4 artistes professionnels qui sublime votre \u00e9v\u00e9nement pour une ambiance \u00e9l\u00e9gante et [&hellip;]<\/p>\n","protected":false},"author":1,"featured_media":0,"parent":0,"menu_order":0,"comment_status":"closed","ping_status":"closed","template":"template-parts\/template-homepage.php","meta":[],"_links":{"self":[{"href":"https:\/\/ciepiecesetmaindoeuvre.com\/index.php\/wp-json\/wp\/v2\/pages\/2475"}],"collection":[{"href":"https:\/\/ciepiecesetmaindoeuvre.com\/index.php\/wp-json\/wp\/v2\/pages"}],"about":[{"href":"https:\/\/ciepiecesetmaindoeuvre.com\/index.php\/wp-json\/wp\/v2\/types\/page"}],"author":[{"embeddable":true,"href":"https:\/\/ciepiecesetmaindoeuvre.com\/index.php\/wp-json\/wp\/v2\/users\/1"}],"replies":[{"embeddable":true,"href":"https:\/\/ciepiecesetmaindoeuvre.com\/index.php\/wp-json\/wp\/v2\/comments?post=2475"}],"version-history":[{"count":5,"href":"https:\/\/ciepiecesetmaindoeuvre.com\/index.php\/wp-json\/wp\/v2\/pages\/2475\/revisions"}],"predecessor-version":[{"id":2489,"href":"https:\/\/ciepiecesetmaindoeuvre.com\/index.php\/wp-json\/wp\/v2\/pages\/2475\/revisions\/2489"}],"wp:attachment":[{"href":"https:\/\/ciepiecesetmaindoeuvre.com\/index.php\/wp-json\/wp\/v2\/media?parent=2475"}],"curies":[{"name":"wp","href":"https:\/\/api.w.org\/{rel}","templated":true}]}}