{"id":2327,"date":"2024-09-25T14:30:45","date_gmt":"2024-09-25T12:30:45","guid":{"rendered":"http:\/\/ciepiecesetmaindoeuvre.com\/?page_id=2327"},"modified":"2025-09-03T08:54:26","modified_gmt":"2025-09-03T06:54:26","slug":"dans-lombre-la-lumiere","status":"publish","type":"page","link":"https:\/\/ciepiecesetmaindoeuvre.com\/index.php\/dans-lombre-la-lumiere\/","title":{"rendered":"Dans l&rsquo;ombre, la lumi\u00e8re"},"content":{"rendered":"\t\t<div data-elementor-type=\"post\" data-elementor-id=\"2327\" class=\"elementor elementor-2327\" data-elementor-settings=\"[]\">\n\t\t\t<div class=\"elementor-inner\">\n\t\t\t\t<div class=\"elementor-section-wrap\">\n\t\t\t\t\t\t\t<section class=\"elementor-element elementor-element-ab5914c elementor-section-boxed elementor-section-height-default elementor-section-height-default elementor-section elementor-top-section\" data-id=\"ab5914c\" data-element_type=\"section\">\n\t\t\t\t\t\t<div class=\"elementor-container elementor-column-gap-default\">\n\t\t\t\t<div class=\"elementor-row\">\n\t\t\t\t<div class=\"elementor-element elementor-element-cc30ee8 elementor-column elementor-col-50 elementor-top-column\" data-id=\"cc30ee8\" data-element_type=\"column\">\n\t\t\t<div class=\"elementor-column-wrap  elementor-element-populated\">\n\t\t\t\t\t<div class=\"elementor-widget-wrap\">\n\t\t\t\t<div class=\"elementor-element elementor-element-4fef39e elementor-widget elementor-widget-html\" data-id=\"4fef39e\" data-element_type=\"widget\" data-widget_type=\"html.default\">\n\t\t\t\t<div class=\"elementor-widget-container\">\n\t\t\t<iframe loading=\"lazy\" width=\"560\" height=\"315\" src=\"https:\/\/www.youtube.com\/embed\/xepmQCqUGqQ?si=dJRF5LZyrBNWdo0e\" title=\"YouTube video player\" frameborder=\"0\" allow=\"accelerometer; autoplay; clipboard-write; encrypted-media; gyroscope; picture-in-picture; web-share\" referrerpolicy=\"strict-origin-when-cross-origin\" allowfullscreen><\/iframe>\t\t<\/div>\n\t\t\t\t<\/div>\n\t\t\t\t\t\t<\/div>\n\t\t\t<\/div>\n\t\t<\/div>\n\t\t\t\t<div class=\"elementor-element elementor-element-40a831c elementor-column elementor-col-50 elementor-top-column\" data-id=\"40a831c\" data-element_type=\"column\">\n\t\t\t<div class=\"elementor-column-wrap  elementor-element-populated\">\n\t\t\t\t\t<div class=\"elementor-widget-wrap\">\n\t\t\t\t<div class=\"elementor-element elementor-element-bf77ff8 elementor-widget elementor-widget-text-editor\" data-id=\"bf77ff8\" data-element_type=\"widget\" data-widget_type=\"text-editor.default\">\n\t\t\t\t<div class=\"elementor-widget-container\">\n\t\t\t\t\t<div class=\"elementor-text-editor elementor-clearfix\"><h3><span style=\"color: #000000;\"><strong>DANS L&rsquo;OMBRE, LA LUMI\u00c8RE<\/strong><\/span><\/h3><p><span style=\"color: #000000;\">Tout public \u00e0 partir de 12 ans &#8211; cr\u00e9ation 2024<\/span><\/p><p><span style=\"color: #000000;\">Prise de parole sensible et po\u00e9tique, de et par Khaled Miloudi\u00a0<\/span><\/p><p><span style=\"color: #000000;\">Musique : Rapha\u00ebl Goldman<\/span><\/p><p><span style=\"color: #000000;\"><em>Contact : Nejma au 07 57 17 57 91<\/em><\/span><\/p><h3><a href=\"http:\/\/ciepiecesetmaindoeuvre.com\/wp-content\/uploads\/2024\/10\/Dossier-Dans-lombre-la-lumiere-2.pdf\">Dossier Dans l&rsquo;ombre la lumi\u00e8re <\/a><\/h3><div>\u00a0<\/div><\/div>\n\t\t\t\t<\/div>\n\t\t\t\t<\/div>\n\t\t\t\t\t\t<\/div>\n\t\t\t<\/div>\n\t\t<\/div>\n\t\t\t\t\t\t<\/div>\n\t\t\t<\/div>\n\t\t<\/section>\n\t\t\t\t<section class=\"elementor-element elementor-element-f6542d4 elementor-section-boxed elementor-section-height-default elementor-section-height-default elementor-section elementor-top-section\" data-id=\"f6542d4\" data-element_type=\"section\">\n\t\t\t\t\t\t<div class=\"elementor-container elementor-column-gap-default\">\n\t\t\t\t<div class=\"elementor-row\">\n\t\t\t\t<div class=\"elementor-element elementor-element-31b3819 elementor-column elementor-col-100 elementor-top-column\" data-id=\"31b3819\" data-element_type=\"column\">\n\t\t\t<div class=\"elementor-column-wrap  elementor-element-populated\">\n\t\t\t\t\t<div class=\"elementor-widget-wrap\">\n\t\t\t\t<div class=\"elementor-element elementor-element-0cacaaa elementor-widget elementor-widget-divider\" data-id=\"0cacaaa\" data-element_type=\"widget\" data-widget_type=\"divider.default\">\n\t\t\t\t<div class=\"elementor-widget-container\">\n\t\t\t\t\t<div class=\"elementor-divider\">\n\t\t\t<span class=\"elementor-divider-separator\"><\/span>\n\t\t<\/div>\n\t\t\t\t<\/div>\n\t\t\t\t<\/div>\n\t\t\t\t\t\t<\/div>\n\t\t\t<\/div>\n\t\t<\/div>\n\t\t\t\t\t\t<\/div>\n\t\t\t<\/div>\n\t\t<\/section>\n\t\t\t\t<section class=\"elementor-element elementor-element-fa62f17 elementor-section-boxed elementor-section-height-default elementor-section-height-default elementor-section elementor-top-section\" data-id=\"fa62f17\" data-element_type=\"section\">\n\t\t\t\t\t\t<div class=\"elementor-container elementor-column-gap-default\">\n\t\t\t\t<div class=\"elementor-row\">\n\t\t\t\t<div class=\"elementor-element elementor-element-788e06d elementor-column elementor-col-50 elementor-top-column\" data-id=\"788e06d\" data-element_type=\"column\">\n\t\t\t<div class=\"elementor-column-wrap  elementor-element-populated\">\n\t\t\t\t\t<div class=\"elementor-widget-wrap\">\n\t\t\t\t<div class=\"elementor-element elementor-element-4e303ca elementor-widget elementor-widget-text-editor\" data-id=\"4e303ca\" data-element_type=\"widget\" data-widget_type=\"text-editor.default\">\n\t\t\t\t<div class=\"elementor-widget-container\">\n\t\t\t\t\t<div class=\"elementor-text-editor elementor-clearfix\"><p><em><span style=\"color: #000000;\">Khaled Miloudi a pass\u00e9 plus de 22 ans en prison.<\/span><\/em><\/p><p><em><span style=\"color: #000000;\">Ancien braqueur, son histoire est celle de la violence subie, puis r\u00e9percut\u00e9e avec la fougue et l\u2019\u00e9clat de ceux qui sont fous de vivre, fous d\u2019\u00eatre sauv\u00e9s, et qui s\u2019engagent dans la vie comme on s\u2019engage sur un champ de bataille.<\/span><\/em><\/p><p><em><span style=\"color: #000000;\">Au milieu de sa d\u00e9tention mortif\u00e8re, les mots ont sauv\u00e9 la vie de Khaled. Il s\u2019attelle \u00e0 l\u2019\u00e9criture depuis sa cellule o\u00f9 il se met \u00e0 r\u00e9diger son autobiographie, des nouvelles, et surtout de la po\u00e9sie. En 2014, il participe \u00e0 un atelier de th\u00e9\u00e2tre co-dirig\u00e9 par Rapha\u00ebl Goldman. Un soir, alors que Khaled d\u00e9clame un po\u00e8me, Rapha\u00ebl se met au piano. Voil\u00e0 comment le spectacle est n\u00e9.<\/span><\/em><\/p><p><em><span style=\"color: #000000;\">A travers sa po\u00e9sie douloureuse et passionn\u00e9e, au gr\u00e9 des notes faisant \u00e9cho \u00e0 ses mots, Khaled Miloudi nous raconte son histoire\u00a0:<strong> Dans l\u2019ombre, la lumi\u00e8re.<\/strong><\/span><\/em><\/p><p>\u00a0<\/p><\/div>\n\t\t\t\t<\/div>\n\t\t\t\t<\/div>\n\t\t\t\t\t\t<\/div>\n\t\t\t<\/div>\n\t\t<\/div>\n\t\t\t\t<div class=\"elementor-element elementor-element-c8c8dc6 elementor-column elementor-col-50 elementor-top-column\" data-id=\"c8c8dc6\" data-element_type=\"column\">\n\t\t\t<div class=\"elementor-column-wrap  elementor-element-populated\">\n\t\t\t\t\t<div class=\"elementor-widget-wrap\">\n\t\t\t\t<div class=\"elementor-element elementor-element-2a5b154 elementor-widget elementor-widget-image\" data-id=\"2a5b154\" data-element_type=\"widget\" data-widget_type=\"image.default\">\n\t\t\t\t<div class=\"elementor-widget-container\">\n\t\t\t\t\t<div class=\"elementor-image\">\n\t\t\t\t\t\t\t<figure class=\"wp-caption\">\n\t\t\t\t\t\t\t\t\t\t<img width=\"1024\" height=\"700\" src=\"https:\/\/ciepiecesetmaindoeuvre.com\/wp-content\/uploads\/2024\/09\/Marc-Bonnetain-1024x700.jpg\" class=\"attachment-large size-large\" alt=\"\" loading=\"lazy\" srcset=\"https:\/\/ciepiecesetmaindoeuvre.com\/wp-content\/uploads\/2024\/09\/Marc-Bonnetain-1024x700.jpg 1024w, https:\/\/ciepiecesetmaindoeuvre.com\/wp-content\/uploads\/2024\/09\/Marc-Bonnetain-300x205.jpg 300w, https:\/\/ciepiecesetmaindoeuvre.com\/wp-content\/uploads\/2024\/09\/Marc-Bonnetain-768x525.jpg 768w, https:\/\/ciepiecesetmaindoeuvre.com\/wp-content\/uploads\/2024\/09\/Marc-Bonnetain-1536x1049.jpg 1536w, https:\/\/ciepiecesetmaindoeuvre.com\/wp-content\/uploads\/2024\/09\/Marc-Bonnetain-2048x1399.jpg 2048w\" sizes=\"(max-width: 1024px) 100vw, 1024px\" \/>\t\t\t\t\t\t\t\t\t\t\t<figcaption class=\"widget-image-caption wp-caption-text\">Cr\u00e9dit Marc Bonnetain<\/figcaption>\n\t\t\t\t\t\t\t\t\t\t<\/figure>\n\t\t\t\t\t<\/div>\n\t\t\t\t<\/div>\n\t\t\t\t<\/div>\n\t\t\t\t\t\t<\/div>\n\t\t\t<\/div>\n\t\t<\/div>\n\t\t\t\t\t\t<\/div>\n\t\t\t<\/div>\n\t\t<\/section>\n\t\t\t\t<section class=\"elementor-element elementor-element-2fea4cd elementor-section-boxed elementor-section-height-default elementor-section-height-default elementor-section elementor-top-section\" data-id=\"2fea4cd\" data-element_type=\"section\">\n\t\t\t\t\t\t<div class=\"elementor-container elementor-column-gap-default\">\n\t\t\t\t<div class=\"elementor-row\">\n\t\t\t\t<div class=\"elementor-element elementor-element-f772b6f elementor-column elementor-col-100 elementor-top-column\" data-id=\"f772b6f\" data-element_type=\"column\">\n\t\t\t<div class=\"elementor-column-wrap  elementor-element-populated\">\n\t\t\t\t\t<div class=\"elementor-widget-wrap\">\n\t\t\t\t<div class=\"elementor-element elementor-element-38e319e elementor-widget elementor-widget-spacer\" data-id=\"38e319e\" data-element_type=\"widget\" data-widget_type=\"spacer.default\">\n\t\t\t\t<div class=\"elementor-widget-container\">\n\t\t\t\t\t<div class=\"elementor-spacer\">\n\t\t\t<div class=\"elementor-spacer-inner\"><\/div>\n\t\t<\/div>\n\t\t\t\t<\/div>\n\t\t\t\t<\/div>\n\t\t\t\t<div class=\"elementor-element elementor-element-b7a96c7 elementor-widget elementor-widget-text-editor\" data-id=\"b7a96c7\" data-element_type=\"widget\" data-widget_type=\"text-editor.default\">\n\t\t\t\t<div class=\"elementor-widget-container\">\n\t\t\t\t\t<div class=\"elementor-text-editor elementor-clearfix\"><p><span style=\"color: #000000;\">Le spectacle peut se jouer PARTOUT en int\u00e9rieur et en ext\u00e9rieur<\/span><\/p><p class=\"Standard\"><span style=\"color: #000000;\">Faire le NOIR dans la salle si n\u00e9cessaire.<\/span><\/p><p><span style=\"color: #000000;\">Mise \u00e0 disposition d\u2019un piano (pr\u00e9voir par l\u2019organisateur)<\/span><br \/><span style=\"color: #000000;\">Mat\u00e9riel son et lumi\u00e8re \u00e0 pr\u00e9voir par l\u2019organisateur en respectant la fiche technique<\/span><\/p><p><span style=\"color: #000000;\">Si le lieu n\u2019est pas \u00e9quip\u00e9, spectacle peut \u00eatre autonome (piano, son, lumi\u00e8re) <\/span><\/p><p><br \/><span style=\"color: #000000;\">Dans ce cas, pr\u00e9voir au minimum 2 prises 16A sur sc\u00e8ne <\/span><\/p><p class=\"Standard\"><span style=\"color: #000000;\">Jauge public : jusqu\u2019\u00e0 300 personnes ou plus selon \u00e9quipement du lieu.<\/span><\/p><p><span style=\"color: #000000;\"><strong>N\u2019h\u00e9sitez pas \u00e0 nous contacter pour affiner votre projet et trouver la solution la plus adapt\u00e9e.<\/strong><\/span><\/p><p class=\"Standard\"><span style=\"color: #000000;\">Dur\u00e9\u00a0: 1h00<\/span><\/p><p class=\"Standard\"><span style=\"color: #000000;\">Pr\u00e9voir un espace loge avec point d\u2019eau, miroir, WC + Catering<\/span><\/p><p class=\"Standard\"><span style=\"color: #000000;\">H\u00e9bergement en tourn\u00e9e : 2 ou 3 chambres singles (si pr\u00e9sence d&rsquo;un technicien) et repas.<\/span><\/p><p class=\"Standard\"><span style=\"color: #000000;\">Montage et d\u00e9montage le jour m\u00eame de la repr\u00e9sentation.<\/span><\/p><p class=\"Standard\"><span style=\"color: #000000;\"><b><u>Devis sur demande<\/u><\/b><\/span><\/p><p>\u00a0<\/p><\/div>\n\t\t\t\t<\/div>\n\t\t\t\t<\/div>\n\t\t\t\t\t\t<\/div>\n\t\t\t<\/div>\n\t\t<\/div>\n\t\t\t\t\t\t<\/div>\n\t\t\t<\/div>\n\t\t<\/section>\n\t\t\t\t\t\t<\/div>\n\t\t\t<\/div>\n\t\t<\/div>\n\t\t","protected":false},"excerpt":{"rendered":"<p>DANS L&rsquo;OMBRE, LA LUMI\u00c8RE Tout public \u00e0 partir de 12 ans &#8211; cr\u00e9ation 2024 Prise de parole sensible et po\u00e9tique, de et par Khaled Miloudi\u00a0 Musique : Rapha\u00ebl Goldman Contact : Nejma au 07 57 17 57 91 Dossier Dans l&rsquo;ombre la lumi\u00e8re \u00a0 Khaled Miloudi a pass\u00e9 plus de 22 ans en prison. Ancien [&hellip;]<\/p>\n","protected":false},"author":1,"featured_media":0,"parent":0,"menu_order":0,"comment_status":"closed","ping_status":"closed","template":"template-parts\/template-homepage.php","meta":[],"_links":{"self":[{"href":"https:\/\/ciepiecesetmaindoeuvre.com\/index.php\/wp-json\/wp\/v2\/pages\/2327"}],"collection":[{"href":"https:\/\/ciepiecesetmaindoeuvre.com\/index.php\/wp-json\/wp\/v2\/pages"}],"about":[{"href":"https:\/\/ciepiecesetmaindoeuvre.com\/index.php\/wp-json\/wp\/v2\/types\/page"}],"author":[{"embeddable":true,"href":"https:\/\/ciepiecesetmaindoeuvre.com\/index.php\/wp-json\/wp\/v2\/users\/1"}],"replies":[{"embeddable":true,"href":"https:\/\/ciepiecesetmaindoeuvre.com\/index.php\/wp-json\/wp\/v2\/comments?post=2327"}],"version-history":[{"count":11,"href":"https:\/\/ciepiecesetmaindoeuvre.com\/index.php\/wp-json\/wp\/v2\/pages\/2327\/revisions"}],"predecessor-version":[{"id":2565,"href":"https:\/\/ciepiecesetmaindoeuvre.com\/index.php\/wp-json\/wp\/v2\/pages\/2327\/revisions\/2565"}],"wp:attachment":[{"href":"https:\/\/ciepiecesetmaindoeuvre.com\/index.php\/wp-json\/wp\/v2\/media?parent=2327"}],"curies":[{"name":"wp","href":"https:\/\/api.w.org\/{rel}","templated":true}]}}